{"id":2246,"date":"2023-09-27T19:48:52","date_gmt":"2023-09-27T18:48:52","guid":{"rendered":"https:\/\/www.tjmnichovice.cz\/?page_id=2246"},"modified":"2024-09-02T16:43:34","modified_gmt":"2024-09-02T15:43:34","slug":"vedeni-klubu","status":"publish","type":"page","link":"https:\/\/www.tjmnichovice.cz\/?page_id=2246","title":{"rendered":"Veden\u00ed klubu"},"content":{"rendered":"\t\t<div data-elementor-type=\"wp-page\" data-elementor-id=\"2246\" class=\"elementor elementor-2246\">\n\t\t\t\t\t\t<section class=\"elementor-section elementor-top-section elementor-element elementor-element-5d54c8b elementor-section-boxed elementor-section-height-default elementor-section-height-default\" data-id=\"5d54c8b\" data-element_type=\"section\">\n\t\t\t\t\t\t<div class=\"elementor-container elementor-column-gap-default\">\n\t\t\t\t\t<div class=\"elementor-column elementor-col-100 elementor-top-column elementor-element elementor-element-68274a2\" data-id=\"68274a2\" data-element_type=\"column\">\n\t\t\t<div class=\"elementor-widget-wrap elementor-element-populated\">\n\t\t\t\t\t\t<div class=\"elementor-element elementor-element-5b33a99 elementor-widget elementor-widget-spacer\" data-id=\"5b33a99\" data-element_type=\"widget\" data-widget_type=\"spacer.default\">\n\t\t\t\t<div class=\"elementor-widget-container\">\n\t\t\t\t\t\t\t<div class=\"elementor-spacer\">\n\t\t\t<div class=\"elementor-spacer-inner\"><\/div>\n\t\t<\/div>\n\t\t\t\t\t\t<\/div>\n\t\t\t\t<\/div>\n\t\t\t\t\t<\/div>\n\t\t<\/div>\n\t\t\t\t\t<\/div>\n\t\t<\/section>\n\t\t\t\t<section class=\"elementor-section elementor-top-section elementor-element elementor-element-abb8e54 elementor-section-boxed elementor-section-height-default elementor-section-height-default\" data-id=\"abb8e54\" data-element_type=\"section\">\n\t\t\t\t\t\t<div class=\"elementor-container elementor-column-gap-default\">\n\t\t\t\t\t<div class=\"elementor-column elementor-col-100 elementor-top-column elementor-element elementor-element-e253560\" data-id=\"e253560\" data-element_type=\"column\">\n\t\t\t<div class=\"elementor-widget-wrap elementor-element-populated\">\n\t\t\t\t\t\t<div class=\"elementor-element elementor-element-cc3455e elementor-widget elementor-widget-heading\" data-id=\"cc3455e\" data-element_type=\"widget\" data-widget_type=\"heading.default\">\n\t\t\t\t<div class=\"elementor-widget-container\">\n\t\t\t\t\t<h4 class=\"elementor-heading-title elementor-size-large\"><span data-elementor-setting-key=\"title\" data-pen-placeholder=\"Pi\u0161te zde...\" style=\"text-decoration: none;border: 0px;font-size: 2.5rem;font-weight: var( --e-global-typography-primary-font-weight );vertical-align: baseline;clear: both;line-height: 1.4em;font-family: var( --e-global-typography-primary-font-family ), Sans-serif\">VEDEN\u00cd KLUBU <\/span><\/h4>\t\t\t\t<\/div>\n\t\t\t\t<\/div>\n\t\t\t\t\t<\/div>\n\t\t<\/div>\n\t\t\t\t\t<\/div>\n\t\t<\/section>\n\t\t\t\t<section class=\"elementor-section elementor-top-section elementor-element elementor-element-9ebd147 elementor-section-boxed elementor-section-height-default elementor-section-height-default\" data-id=\"9ebd147\" data-element_type=\"section\">\n\t\t\t\t\t\t<div class=\"elementor-container elementor-column-gap-default\">\n\t\t\t\t\t<div class=\"elementor-column elementor-col-50 elementor-top-column elementor-element elementor-element-42b7390\" data-id=\"42b7390\" data-element_type=\"column\">\n\t\t\t<div class=\"elementor-widget-wrap elementor-element-populated\">\n\t\t\t\t\t\t<div class=\"elementor-element elementor-element-5ab7bc3 elementor-widget elementor-widget-text-editor\" data-id=\"5ab7bc3\" data-element_type=\"widget\" data-widget_type=\"text-editor.default\">\n\t\t\t\t<div class=\"elementor-widget-container\">\n\t\t\t\t\t\t\t\t\t<h4 style=\"text-align: center;\"><strong><span style=\"color: #ffffff;\">\u00a0 \u00a0<span style=\"text-decoration: underline;\">P\u0159edseda odd\u00edlu\u00a0<\/span><\/span><\/strong><\/h4><h4><strong><span style=\"color: #ffffff;\">\u00a0<\/span><\/strong><\/h4><h4 style=\"text-align: center;\"><strong><span style=\"color: #ffffff;\">Michal Z\u00eddka<\/span><\/strong><\/h4><h5><strong><span style=\"color: #ffffff;\">\u00a0 \u00a0 \u00a0 \u00a0 \u00a0 \u00a0 \u00a0 \u00a0 \u00a0 \u00a0 \u00a0 \u00a0 \u00a0 \u00a0 \u00a0 \u00a0 \u00a0 \u00a0 \u00a0 \u00a0 \u00a0 tel: 721 238 200<\/span><\/strong><\/h5><h4>\u00a0<\/h4><h4><strong>\u00a0 \u00a0 \u00a0 \u00a0 \u00a0 \u00a0 \u00a0 \u00a0 \u00a0 \u00a0 \u00a0 \u00a0 \u00a0 \u00a0 \u00a0 \u00a0 \u00a0 \u00a0 \u00a0 \u00a0 \u00a0 \u00a0 \u00a0<\/strong><\/h4>\t\t\t\t\t\t\t\t<\/div>\n\t\t\t\t<\/div>\n\t\t\t\t\t<\/div>\n\t\t<\/div>\n\t\t\t\t<div class=\"elementor-column elementor-col-50 elementor-top-column elementor-element elementor-element-5267541\" data-id=\"5267541\" data-element_type=\"column\">\n\t\t\t<div class=\"elementor-widget-wrap elementor-element-populated\">\n\t\t\t\t\t\t<div class=\"elementor-element elementor-element-e60c7ae elementor-widget elementor-widget-text-editor\" data-id=\"e60c7ae\" data-element_type=\"widget\" data-widget_type=\"text-editor.default\">\n\t\t\t\t<div class=\"elementor-widget-container\">\n\t\t\t\t\t\t\t\t\t<h4 style=\"text-align: center;\"><span style=\"text-decoration: underline; color: #ffffff;\"><strong>V\u00fdkonn\u00fd v\u00fdbor<\/strong><\/span><\/h4><h6 style=\"text-align: center;\"><span style=\"color: #ffffff;\"><strong>Petr Raboch<\/strong><\/span><\/h6><h6 style=\"text-align: center;\"><span style=\"color: #ffffff;\"><strong>Tom\u00e1\u0161 \u010c\u00ed\u017eek<\/strong><\/span><\/h6><h6 style=\"text-align: center;\"><span style=\"color: #ffffff;\"><strong>Luk\u00e1\u0161 Havl\u00ed\u010dek<\/strong><\/span><\/h6><h6 style=\"text-align: center;\"><span style=\"color: #ffffff;\"><strong>Jan Zenkl<\/strong><\/span><\/h6><h6 style=\"text-align: center;\"><span style=\"color: #ffffff;\"><strong>Jakub Protiva<\/strong><\/span><\/h6><h6 style=\"text-align: center;\"><span style=\"color: #ffffff;\"><strong>Mark\u00e9ta Mikol\u00e1\u0161ov\u00e1<\/strong><\/span><\/h6>\t\t\t\t\t\t\t\t<\/div>\n\t\t\t\t<\/div>\n\t\t\t\t\t<\/div>\n\t\t<\/div>\n\t\t\t\t\t<\/div>\n\t\t<\/section>\n\t\t\t\t<section class=\"elementor-section elementor-top-section elementor-element elementor-element-e459756 elementor-section-boxed elementor-section-height-default elementor-section-height-default\" data-id=\"e459756\" data-element_type=\"section\">\n\t\t\t\t\t\t<div class=\"elementor-container elementor-column-gap-default\">\n\t\t\t\t\t<div class=\"elementor-column elementor-col-100 elementor-top-column elementor-element elementor-element-4df3980\" data-id=\"4df3980\" data-element_type=\"column\">\n\t\t\t<div class=\"elementor-widget-wrap elementor-element-populated\">\n\t\t\t\t\t\t<div class=\"elementor-element elementor-element-912d0ce elementor-widget-divider--view-line elementor-widget elementor-widget-divider\" data-id=\"912d0ce\" data-element_type=\"widget\" data-widget_type=\"divider.default\">\n\t\t\t\t<div class=\"elementor-widget-container\">\n\t\t\t\t\t\t\t<div class=\"elementor-divider\">\n\t\t\t<span class=\"elementor-divider-separator\">\n\t\t\t\t\t\t<\/span>\n\t\t<\/div>\n\t\t\t\t\t\t<\/div>\n\t\t\t\t<\/div>\n\t\t\t\t<div class=\"elementor-element elementor-element-4a4daf5 elementor-widget elementor-widget-image\" data-id=\"4a4daf5\" data-element_type=\"widget\" data-widget_type=\"image.default\">\n\t\t\t\t<div class=\"elementor-widget-container\">\n\t\t\t\t\t\t\t\t\t\t\t\t\t\t\t<img fetchpriority=\"high\" decoding=\"async\" width=\"286\" height=\"300\" src=\"https:\/\/www.tjmnichovice.cz\/wp-content\/uploads\/2023\/09\/tisk_TJM_png-1-286x300.png\" class=\"attachment-medium size-medium wp-image-2413\" alt=\"\" srcset=\"https:\/\/www.tjmnichovice.cz\/wp-content\/uploads\/2023\/09\/tisk_TJM_png-1-286x300.png 286w, https:\/\/www.tjmnichovice.cz\/wp-content\/uploads\/2023\/09\/tisk_TJM_png-1-977x1024.png 977w, https:\/\/www.tjmnichovice.cz\/wp-content\/uploads\/2023\/09\/tisk_TJM_png-1-768x805.png 768w, https:\/\/www.tjmnichovice.cz\/wp-content\/uploads\/2023\/09\/tisk_TJM_png-1-1466x1536.png 1466w, https:\/\/www.tjmnichovice.cz\/wp-content\/uploads\/2023\/09\/tisk_TJM_png-1-1954x2048.png 1954w, https:\/\/www.tjmnichovice.cz\/wp-content\/uploads\/2023\/09\/tisk_TJM_png-1-122x128.png 122w, https:\/\/www.tjmnichovice.cz\/wp-content\/uploads\/2023\/09\/tisk_TJM_png-1-600x629.png 600w\" sizes=\"(max-width: 286px) 100vw, 286px\" \/>\t\t\t\t\t\t\t\t\t\t\t\t\t\t\t<\/div>\n\t\t\t\t<\/div>\n\t\t\t\t\t<\/div>\n\t\t<\/div>\n\t\t\t\t\t<\/div>\n\t\t<\/section>\n\t\t\t\t<\/div>\n\t\t","protected":false},"excerpt":{"rendered":"<p>VEDEN\u00cd KLUBU \u00a0 \u00a0P\u0159edseda odd\u00edlu\u00a0 \u00a0 Michal Z\u00eddka \u00a0 \u00a0 \u00a0 \u00a0 \u00a0 \u00a0 \u00a0 \u00a0 \u00a0 \u00a0 \u00a0 \u00a0 \u00a0 \u00a0 \u00a0 \u00a0 \u00a0 \u00a0 \u00a0 \u00a0 \u00a0 tel: 721 238 200 \u00a0 \u00a0 \u00a0 \u00a0 \u00a0 \u00a0 \u00a0 \u00a0 \u00a0 \u00a0 \u00a0 \u00a0 \u00a0 \u00a0 \u00a0 \u00a0 \u00a0 \u00a0 \u00a0 \u00a0 \u00a0 \u00a0 [&hellip;]<\/p>\n","protected":false},"author":3,"featured_media":0,"parent":1947,"menu_order":0,"comment_status":"closed","ping_status":"closed","template":"","meta":{"site-sidebar-layout":"no-sidebar","site-content-layout":"","ast-site-content-layout":"full-width-container","site-content-style":"default","site-sidebar-style":"default","ast-global-header-display":"","ast-banner-title-visibility":"","ast-main-header-display":"","ast-hfb-above-header-display":"","ast-hfb-below-header-display":"","ast-hfb-mobile-header-display":"","site-post-title":"disabled","ast-breadcrumbs-content":"","ast-featured-img":"disabled","footer-sml-layout":"","theme-transparent-header-meta":"default","adv-header-id-meta":"","stick-header-meta":"","header-above-stick-meta":"","header-main-stick-meta":"","header-below-stick-meta":"","astra-migrate-meta-layouts":"set","ast-page-background-enabled":"default","ast-page-background-meta":{"desktop":{"background-color":"var(--ast-global-color-4)","background-image":"","background-repeat":"repeat","background-position":"center center","background-size":"auto","background-attachment":"scroll","background-type":"","background-media":"","overlay-type":"","overlay-color":"","overlay-gradient":""},"tablet":{"background-color":"","background-image":"","background-repeat":"repeat","background-position":"center center","background-size":"auto","background-attachment":"scroll","background-type":"","background-media":"","overlay-type":"","overlay-color":"","overlay-gradient":""},"mobile":{"background-color":"","background-image":"","background-repeat":"repeat","background-position":"center center","background-size":"auto","background-attachment":"scroll","background-type":"","background-media":"","overlay-type":"","overlay-color":"","overlay-gradient":""}},"ast-content-background-meta":{"desktop":{"background-color":"var(--ast-global-color-5)","background-image":"","background-repeat":"repeat","background-position":"center center","background-size":"auto","background-attachment":"scroll","background-type":"","background-media":"","overlay-type":"","overlay-color":"","overlay-gradient":""},"tablet":{"background-color":"var(--ast-global-color-5)","background-image":"","background-repeat":"repeat","background-position":"center center","background-size":"auto","background-attachment":"scroll","background-type":"","background-media":"","overlay-type":"","overlay-color":"","overlay-gradient":""},"mobile":{"background-color":"var(--ast-global-color-5)","background-image":"","background-repeat":"repeat","background-position":"center center","background-size":"auto","background-attachment":"scroll","background-type":"","background-media":"","overlay-type":"","overlay-color":"","overlay-gradient":""}},"footnotes":""},"class_list":["post-2246","page","type-page","status-publish","hentry"],"_links":{"self":[{"href":"https:\/\/www.tjmnichovice.cz\/index.php?rest_route=\/wp\/v2\/pages\/2246","targetHints":{"allow":["GET"]}}],"collection":[{"href":"https:\/\/www.tjmnichovice.cz\/index.php?rest_route=\/wp\/v2\/pages"}],"about":[{"href":"https:\/\/www.tjmnichovice.cz\/index.php?rest_route=\/wp\/v2\/types\/page"}],"author":[{"embeddable":true,"href":"https:\/\/www.tjmnichovice.cz\/index.php?rest_route=\/wp\/v2\/users\/3"}],"replies":[{"embeddable":true,"href":"https:\/\/www.tjmnichovice.cz\/index.php?rest_route=%2Fwp%2Fv2%2Fcomments&post=2246"}],"version-history":[{"count":49,"href":"https:\/\/www.tjmnichovice.cz\/index.php?rest_route=\/wp\/v2\/pages\/2246\/revisions"}],"predecessor-version":[{"id":6784,"href":"https:\/\/www.tjmnichovice.cz\/index.php?rest_route=\/wp\/v2\/pages\/2246\/revisions\/6784"}],"up":[{"embeddable":true,"href":"https:\/\/www.tjmnichovice.cz\/index.php?rest_route=\/wp\/v2\/pages\/1947"}],"wp:attachment":[{"href":"https:\/\/www.tjmnichovice.cz\/index.php?rest_route=%2Fwp%2Fv2%2Fmedia&parent=2246"}],"curies":[{"name":"wp","href":"https:\/\/api.w.org\/{rel}","templated":true}]}}