{"id":225,"date":"2023-08-05T18:11:03","date_gmt":"2023-08-05T17:11:03","guid":{"rendered":"https:\/\/www.tjmnichovice.cz\/?page_id=225"},"modified":"2023-11-27T19:18:02","modified_gmt":"2023-11-27T18:18:02","slug":"mini-pripravka-2","status":"publish","type":"page","link":"https:\/\/www.tjmnichovice.cz\/?page_id=225","title":{"rendered":"Mini p\u0159\u00edpravka"},"content":{"rendered":"\t\t<div data-elementor-type=\"wp-page\" data-elementor-id=\"225\" class=\"elementor elementor-225\">\n\t\t\t\t\t\t<section class=\"elementor-section elementor-top-section elementor-element elementor-element-44b8846 elementor-section-boxed elementor-section-height-default elementor-section-height-default\" data-id=\"44b8846\" data-element_type=\"section\">\n\t\t\t\t\t\t<div class=\"elementor-container elementor-column-gap-default\">\n\t\t\t\t\t<div class=\"elementor-column elementor-col-100 elementor-top-column elementor-element elementor-element-23e300d\" data-id=\"23e300d\" data-element_type=\"column\">\n\t\t\t<div class=\"elementor-widget-wrap elementor-element-populated\">\n\t\t\t\t\t\t<div class=\"elementor-element elementor-element-e9b451a elementor-widget elementor-widget-spacer\" data-id=\"e9b451a\" data-element_type=\"widget\" data-widget_type=\"spacer.default\">\n\t\t\t\t<div class=\"elementor-widget-container\">\n\t\t\t\t\t\t\t<div class=\"elementor-spacer\">\n\t\t\t<div class=\"elementor-spacer-inner\"><\/div>\n\t\t<\/div>\n\t\t\t\t\t\t<\/div>\n\t\t\t\t<\/div>\n\t\t\t\t\t<\/div>\n\t\t<\/div>\n\t\t\t\t\t<\/div>\n\t\t<\/section>\n\t\t\t\t<section class=\"elementor-section elementor-top-section elementor-element elementor-element-b2c45ca elementor-section-boxed elementor-section-height-default elementor-section-height-default\" data-id=\"b2c45ca\" data-element_type=\"section\">\n\t\t\t\t\t\t<div class=\"elementor-container elementor-column-gap-default\">\n\t\t\t\t\t<div class=\"elementor-column elementor-col-50 elementor-top-column elementor-element elementor-element-8c0dd7a\" data-id=\"8c0dd7a\" data-element_type=\"column\">\n\t\t\t<div class=\"elementor-widget-wrap elementor-element-populated\">\n\t\t\t\t\t\t<div class=\"elementor-element elementor-element-23dd07d e-transform elementor-widget elementor-widget-text-editor\" data-id=\"23dd07d\" data-element_type=\"widget\" data-settings=\"{&quot;_transform_translateY_effect&quot;:{&quot;unit&quot;:&quot;px&quot;,&quot;size&quot;:20,&quot;sizes&quot;:[]},&quot;_transform_translateX_effect&quot;:{&quot;unit&quot;:&quot;px&quot;,&quot;size&quot;:&quot;&quot;,&quot;sizes&quot;:[]},&quot;_transform_translateX_effect_tablet&quot;:{&quot;unit&quot;:&quot;px&quot;,&quot;size&quot;:&quot;&quot;,&quot;sizes&quot;:[]},&quot;_transform_translateX_effect_mobile&quot;:{&quot;unit&quot;:&quot;px&quot;,&quot;size&quot;:&quot;&quot;,&quot;sizes&quot;:[]},&quot;_transform_translateY_effect_tablet&quot;:{&quot;unit&quot;:&quot;px&quot;,&quot;size&quot;:&quot;&quot;,&quot;sizes&quot;:[]},&quot;_transform_translateY_effect_mobile&quot;:{&quot;unit&quot;:&quot;px&quot;,&quot;size&quot;:&quot;&quot;,&quot;sizes&quot;:[]}}\" data-widget_type=\"text-editor.default\">\n\t\t\t\t<div class=\"elementor-widget-container\">\n\t\t\t\t\t\t\t\t\t<p><span style=\"text-decoration: underline; color: #333333;\"><strong>TR\u00c9NINKY<\/strong><\/span><\/p>\n<p><span style=\"text-decoration: underline; color: #ffffff;\"><strong> z\u00e1\u0159\u00ed &#8211; \u0159\u00edjen a duben &#8211; \u010derven&nbsp; h\u0159i\u0161t\u011b TJ Mnichovice<\/strong><\/span><\/p>\n<p><strong>&nbsp; &nbsp; &nbsp;<span style=\"color: #ffffff;\">\u00fater\u00fd a \u010dtvrtek&nbsp; 16:30&nbsp; &#8211;&nbsp; 18:00<\/span><\/strong><span style=\"color: #ffffff;\"><strong>&nbsp;<\/strong><\/span><\/p>\n<p><strong><span style=\"color: #000000;\">&nbsp;<\/span><\/strong><strong style=\"color: #ffffff; font-style: inherit;\"><u>listopad &#8211; b\u0159ezen&nbsp; velk\u00e1 t\u011blocvi\u010dna Z\u0160 Mnichovice<\/u><\/strong><\/p>\n<p><span style=\"color: #ffffff;\"><strong>\u010dtvrtek 17:15 &#8211; 18:15<\/strong><\/span><\/p>\n<p><span style=\"text-decoration: underline; color: #333333;\"><span style=\"text-decoration: underline;\"><span style=\"font-style: inherit; font-weight: inherit;\"><strong>KONTAKT NA TREN\u00c9RKY<\/strong>:<\/span><\/span><\/span><\/p>\n<p><strong style=\"font-style: inherit; color: var( --e-global-color-kadence3 );\">&nbsp;<span style=\"color: #ffffff;\">Mark\u00e9ta Mikol\u00e1\u0161ov\u00e1&nbsp; tel. 607 507 745<\/span><\/strong><\/p><p><strong style=\"color: rgb(255, 255, 255); font-style: inherit;\">Karin \u0160indel\u00e1\u0159ov\u00e1&nbsp; tel. 606 373 299<\/strong><\/p>\t\t\t\t\t\t\t\t<\/div>\n\t\t\t\t<\/div>\n\t\t\t\t<div class=\"elementor-element elementor-element-1ec042f elementor-hidden-desktop elementor-widget-divider--view-line elementor-widget elementor-widget-divider\" data-id=\"1ec042f\" data-element_type=\"widget\" data-widget_type=\"divider.default\">\n\t\t\t\t<div class=\"elementor-widget-container\">\n\t\t\t\t\t\t\t<div class=\"elementor-divider\">\n\t\t\t<span class=\"elementor-divider-separator\">\n\t\t\t\t\t\t<\/span>\n\t\t<\/div>\n\t\t\t\t\t\t<\/div>\n\t\t\t\t<\/div>\n\t\t\t\t\t<\/div>\n\t\t<\/div>\n\t\t\t\t<div class=\"elementor-column elementor-col-50 elementor-top-column elementor-element elementor-element-2916aa9\" data-id=\"2916aa9\" data-element_type=\"column\">\n\t\t\t<div class=\"elementor-widget-wrap elementor-element-populated\">\n\t\t\t\t\t\t<div class=\"elementor-element elementor-element-9aafe5c elementor-widget elementor-widget-image\" data-id=\"9aafe5c\" data-element_type=\"widget\" data-widget_type=\"image.default\">\n\t\t\t\t<div class=\"elementor-widget-container\">\n\t\t\t\t\t\t\t\t\t\t\t\t\t\t\t\t<a href=\"http:\/\/www.tjmnichovice.cz\/wp-content\/uploads\/2023\/08\/2021-08-09_17-25-42-864-scaled.jpeg\" data-elementor-open-lightbox=\"yes\" data-e-action-hash=\"#elementor-action%3Aaction%3Dlightbox%26settings%3DeyJpZCI6NTQ1LCJ1cmwiOiJodHRwczpcL1wvd3d3LnRqbW5pY2hvdmljZS5jelwvd3AtY29udGVudFwvdXBsb2Fkc1wvMjAyM1wvMDhcLzIwMjEtMDgtMDlfMTctMjUtNDItODY0LXNjYWxlZC5qcGVnIn0%3D\">\n\t\t\t\t\t\t\t<img fetchpriority=\"high\" decoding=\"async\" width=\"1024\" height=\"683\" src=\"https:\/\/www.tjmnichovice.cz\/wp-content\/uploads\/2023\/08\/2021-08-09_17-25-42-864-1024x683.jpeg\" class=\"attachment-large size-large wp-image-545\" alt=\"\" srcset=\"https:\/\/www.tjmnichovice.cz\/wp-content\/uploads\/2023\/08\/2021-08-09_17-25-42-864-1024x683.jpeg 1024w, https:\/\/www.tjmnichovice.cz\/wp-content\/uploads\/2023\/08\/2021-08-09_17-25-42-864-scaled-600x400.jpeg 600w, https:\/\/www.tjmnichovice.cz\/wp-content\/uploads\/2023\/08\/2021-08-09_17-25-42-864-300x200.jpeg 300w, https:\/\/www.tjmnichovice.cz\/wp-content\/uploads\/2023\/08\/2021-08-09_17-25-42-864-768x512.jpeg 768w, https:\/\/www.tjmnichovice.cz\/wp-content\/uploads\/2023\/08\/2021-08-09_17-25-42-864-1536x1024.jpeg 1536w, https:\/\/www.tjmnichovice.cz\/wp-content\/uploads\/2023\/08\/2021-08-09_17-25-42-864-2048x1365.jpeg 2048w, https:\/\/www.tjmnichovice.cz\/wp-content\/uploads\/2023\/08\/2021-08-09_17-25-42-864-128x85.jpeg 128w, https:\/\/www.tjmnichovice.cz\/wp-content\/uploads\/2023\/08\/2021-08-09_17-25-42-864-32x21.jpeg 32w\" sizes=\"(max-width: 1024px) 100vw, 1024px\" \/>\t\t\t\t\t\t\t\t<\/a>\n\t\t\t\t\t\t\t\t\t\t\t\t\t\t\t<\/div>\n\t\t\t\t<\/div>\n\t\t\t\t\t<\/div>\n\t\t<\/div>\n\t\t\t\t\t<\/div>\n\t\t<\/section>\n\t\t\t\t<section class=\"elementor-section elementor-top-section elementor-element elementor-element-e243b5f elementor-section-boxed elementor-section-height-default elementor-section-height-default\" data-id=\"e243b5f\" data-element_type=\"section\">\n\t\t\t\t\t\t<div class=\"elementor-container elementor-column-gap-default\">\n\t\t\t\t\t<div class=\"elementor-column elementor-col-100 elementor-top-column elementor-element elementor-element-f51f2b4\" data-id=\"f51f2b4\" data-element_type=\"column\">\n\t\t\t<div class=\"elementor-widget-wrap elementor-element-populated\">\n\t\t\t\t\t\t<div class=\"elementor-element elementor-element-800dd02 elementor-widget-divider--view-line elementor-widget elementor-widget-divider\" data-id=\"800dd02\" data-element_type=\"widget\" data-widget_type=\"divider.default\">\n\t\t\t\t<div class=\"elementor-widget-container\">\n\t\t\t\t\t\t\t<div class=\"elementor-divider\">\n\t\t\t<span class=\"elementor-divider-separator\">\n\t\t\t\t\t\t<\/span>\n\t\t<\/div>\n\t\t\t\t\t\t<\/div>\n\t\t\t\t<\/div>\n\t\t\t\t\t<\/div>\n\t\t<\/div>\n\t\t\t\t\t<\/div>\n\t\t<\/section>\n\t\t\t\t<section class=\"elementor-section elementor-top-section elementor-element elementor-element-a9b9a47 elementor-section-boxed elementor-section-height-default elementor-section-height-default\" data-id=\"a9b9a47\" data-element_type=\"section\">\n\t\t\t\t\t\t<div class=\"elementor-container elementor-column-gap-default\">\n\t\t\t\t\t<div class=\"elementor-column elementor-col-100 elementor-top-column elementor-element elementor-element-4b06edd\" data-id=\"4b06edd\" data-element_type=\"column\">\n\t\t\t<div class=\"elementor-widget-wrap elementor-element-populated\">\n\t\t\t\t\t\t<div class=\"elementor-element elementor-element-fe98e31 elementor-widget elementor-widget-image\" data-id=\"fe98e31\" data-element_type=\"widget\" data-widget_type=\"image.default\">\n\t\t\t\t<div class=\"elementor-widget-container\">\n\t\t\t\t\t\t\t\t\t\t\t\t\t\t\t<img decoding=\"async\" src=\"http:\/\/www.tjmnichovice.cz\/wp-content\/uploads\/2023\/09\/tisk_TJM_png.png\" title=\"\" alt=\"\" loading=\"lazy\" \/>\t\t\t\t\t\t\t\t\t\t\t\t\t\t\t<\/div>\n\t\t\t\t<\/div>\n\t\t\t\t\t<\/div>\n\t\t<\/div>\n\t\t\t\t\t<\/div>\n\t\t<\/section>\n\t\t\t\t<\/div>\n\t\t","protected":false},"excerpt":{"rendered":"<p>TR\u00c9NINKY z\u00e1\u0159\u00ed &#8211; \u0159\u00edjen a duben &#8211; \u010derven&nbsp; h\u0159i\u0161t\u011b TJ Mnichovice &nbsp; &nbsp; &nbsp;\u00fater\u00fd a \u010dtvrtek&nbsp; 16:30&nbsp; &#8211;&nbsp; 18:00&nbsp; &nbsp;listopad &#8211; b\u0159ezen&nbsp; velk\u00e1 t\u011blocvi\u010dna Z\u0160 Mnichovice \u010dtvrtek 17:15 &#8211; 18:15 KONTAKT NA TREN\u00c9RKY: &nbsp;Mark\u00e9ta Mikol\u00e1\u0161ov\u00e1&nbsp; tel. 607 507 745 Karin \u0160indel\u00e1\u0159ov\u00e1&nbsp; tel. 606 373 299<\/p>\n","protected":false},"author":1,"featured_media":0,"parent":65,"menu_order":0,"comment_status":"closed","ping_status":"closed","template":"","meta":{"site-sidebar-layout":"default","site-content-layout":"","ast-site-content-layout":"","site-content-style":"default","site-sidebar-style":"default","ast-global-header-display":"","ast-banner-title-visibility":"","ast-main-header-display":"","ast-hfb-above-header-display":"","ast-hfb-below-header-display":"","ast-hfb-mobile-header-display":"","site-post-title":"","ast-breadcrumbs-content":"","ast-featured-img":"","footer-sml-layout":"","theme-transparent-header-meta":"","adv-header-id-meta":"","stick-header-meta":"","header-above-stick-meta":"","header-main-stick-meta":"","header-below-stick-meta":"","astra-migrate-meta-layouts":"default","ast-page-background-enabled":"default","ast-page-background-meta":{"desktop":{"background-color":"var(--ast-global-color-4)","background-image":"","background-repeat":"repeat","background-position":"center center","background-size":"auto","background-attachment":"scroll","background-type":"","background-media":"","overlay-type":"","overlay-color":"","overlay-gradient":""},"tablet":{"background-color":"","background-image":"","background-repeat":"repeat","background-position":"center center","background-size":"auto","background-attachment":"scroll","background-type":"","background-media":"","overlay-type":"","overlay-color":"","overlay-gradient":""},"mobile":{"background-color":"","background-image":"","background-repeat":"repeat","background-position":"center center","background-size":"auto","background-attachment":"scroll","background-type":"","background-media":"","overlay-type":"","overlay-color":"","overlay-gradient":""}},"ast-content-background-meta":{"desktop":{"background-color":"var(--ast-global-color-5)","background-image":"","background-repeat":"repeat","background-position":"center center","background-size":"auto","background-attachment":"scroll","background-type":"","background-media":"","overlay-type":"","overlay-color":"","overlay-gradient":""},"tablet":{"background-color":"var(--ast-global-color-5)","background-image":"","background-repeat":"repeat","background-position":"center center","background-size":"auto","background-attachment":"scroll","background-type":"","background-media":"","overlay-type":"","overlay-color":"","overlay-gradient":""},"mobile":{"background-color":"var(--ast-global-color-5)","background-image":"","background-repeat":"repeat","background-position":"center center","background-size":"auto","background-attachment":"scroll","background-type":"","background-media":"","overlay-type":"","overlay-color":"","overlay-gradient":""}},"footnotes":""},"class_list":["post-225","page","type-page","status-publish","hentry"],"_links":{"self":[{"href":"https:\/\/www.tjmnichovice.cz\/index.php?rest_route=\/wp\/v2\/pages\/225","targetHints":{"allow":["GET"]}}],"collection":[{"href":"https:\/\/www.tjmnichovice.cz\/index.php?rest_route=\/wp\/v2\/pages"}],"about":[{"href":"https:\/\/www.tjmnichovice.cz\/index.php?rest_route=\/wp\/v2\/types\/page"}],"author":[{"embeddable":true,"href":"https:\/\/www.tjmnichovice.cz\/index.php?rest_route=\/wp\/v2\/users\/1"}],"replies":[{"embeddable":true,"href":"https:\/\/www.tjmnichovice.cz\/index.php?rest_route=%2Fwp%2Fv2%2Fcomments&post=225"}],"version-history":[{"count":97,"href":"https:\/\/www.tjmnichovice.cz\/index.php?rest_route=\/wp\/v2\/pages\/225\/revisions"}],"predecessor-version":[{"id":4765,"href":"https:\/\/www.tjmnichovice.cz\/index.php?rest_route=\/wp\/v2\/pages\/225\/revisions\/4765"}],"up":[{"embeddable":true,"href":"https:\/\/www.tjmnichovice.cz\/index.php?rest_route=\/wp\/v2\/pages\/65"}],"wp:attachment":[{"href":"https:\/\/www.tjmnichovice.cz\/index.php?rest_route=%2Fwp%2Fv2%2Fmedia&parent=225"}],"curies":[{"name":"wp","href":"https:\/\/api.w.org\/{rel}","templated":true}]}}